{"id":878,"date":"2017-09-07T13:47:46","date_gmt":"2017-09-07T11:47:46","guid":{"rendered":"http:\/\/new.shof.de\/home\/"},"modified":"2026-05-02T08:48:35","modified_gmt":"2026-05-02T06:48:35","slug":"home","status":"publish","type":"page","link":"https:\/\/www.schwarzwaelder-hof.com\/fr\/","title":{"rendered":"Home"},"content":{"rendered":"","protected":false},"excerpt":{"rendered":"","protected":false},"author":2,"featured_media":0,"parent":0,"menu_order":23,"comment_status":"closed","ping_status":"closed","template":"","meta":{"_acf_changed":false,"footnotes":""},"class_list":["post-878","page","type-page","status-publish","hentry"],"acf":[],"yoast_head":"<!-- This site is optimized with the Yoast SEO plugin v27.5 - https:\/\/yoast.com\/product\/yoast-seo-wordpress\/ -->\n<title>Home - Hotel Schwarzw\u00e4lder Hof Freiburg<\/title>\n<meta name=\"description\" content=\"Bienvenue au Schwarzw\u00e4lder Hof Hotel Freiburg! D\u00e9couvrez et explorez la vieille ville pittoresque de Fribourg de son plus beau c\u00f4t\u00e9.\" \/>\n<meta name=\"robots\" content=\"index, follow, max-snippet:-1, max-image-preview:large, max-video-preview:-1\" \/>\n<link rel=\"canonical\" href=\"https:\/\/www.schwarzwaelder-hof.com\/fr\/\" \/>\n<meta property=\"og:locale\" content=\"fr_FR\" \/>\n<meta property=\"og:type\" content=\"article\" \/>\n<meta property=\"og:title\" content=\"Home - Hotel Schwarzw\u00e4lder Hof Freiburg\" \/>\n<meta property=\"og:description\" content=\"Bienvenue au Schwarzw\u00e4lder Hof Hotel Freiburg! D\u00e9couvrez et explorez la vieille ville pittoresque de Fribourg de son plus beau c\u00f4t\u00e9.\" \/>\n<meta property=\"og:url\" content=\"https:\/\/www.schwarzwaelder-hof.com\/fr\/\" \/>\n<meta property=\"og:site_name\" content=\"Hotel Schwarzw\u00e4lder Hof Freiburg\" \/>\n<meta property=\"article:publisher\" content=\"https:\/\/www.facebook.com\/schwarzwaelderhof\/\" \/>\n<meta property=\"article:modified_time\" content=\"2026-05-02T06:48:35+00:00\" \/>\n<meta property=\"og:image\" content=\"https:\/\/www.schwarzwaelder-hof.com\/wp-content\/uploads\/2017\/07\/schwarzwaelder-hof_logo_L.png\" \/>\n\t<meta property=\"og:image:width\" content=\"492\" \/>\n\t<meta property=\"og:image:height\" content=\"190\" \/>\n\t<meta property=\"og:image:type\" content=\"image\/png\" \/>\n<meta name=\"twitter:card\" content=\"summary_large_image\" \/>\n<meta name=\"twitter:label1\" content=\"Dur\u00e9e de lecture estim\u00e9e\" \/>\n\t<meta name=\"twitter:data1\" content=\"3 minutes\" \/>\n<script type=\"application\/ld+json\" class=\"yoast-schema-graph\">{\"@context\":\"https:\\\/\\\/schema.org\",\"@graph\":[{\"@type\":\"WebPage\",\"@id\":\"https:\\\/\\\/www.schwarzwaelder-hof.com\\\/fr\\\/\",\"url\":\"https:\\\/\\\/www.schwarzwaelder-hof.com\\\/fr\\\/\",\"name\":\"Home - Hotel Schwarzw\u00e4lder Hof Freiburg\",\"isPartOf\":{\"@id\":\"https:\\\/\\\/www.schwarzwaelder-hof.com\\\/fr\\\/#website\"},\"datePublished\":\"2017-09-07T11:47:46+00:00\",\"dateModified\":\"2026-05-02T06:48:35+00:00\",\"description\":\"Bienvenue au Schwarzw\u00e4lder Hof Hotel Freiburg! D\u00e9couvrez et explorez la vieille ville pittoresque de Fribourg de son plus beau c\u00f4t\u00e9.\",\"breadcrumb\":{\"@id\":\"https:\\\/\\\/www.schwarzwaelder-hof.com\\\/fr\\\/#breadcrumb\"},\"inLanguage\":\"fr-FR\",\"potentialAction\":[{\"@type\":\"ReadAction\",\"target\":[\"https:\\\/\\\/www.schwarzwaelder-hof.com\\\/fr\\\/\"]}]},{\"@type\":\"BreadcrumbList\",\"@id\":\"https:\\\/\\\/www.schwarzwaelder-hof.com\\\/fr\\\/#breadcrumb\",\"itemListElement\":[{\"@type\":\"ListItem\",\"position\":1,\"name\":\"Startseite\",\"item\":\"https:\\\/\\\/www.schwarzwaelder-hof.com\\\/fr\\\/\"},{\"@type\":\"ListItem\",\"position\":2,\"name\":\"Home\"}]},{\"@type\":\"WebSite\",\"@id\":\"https:\\\/\\\/www.schwarzwaelder-hof.com\\\/fr\\\/#website\",\"url\":\"https:\\\/\\\/www.schwarzwaelder-hof.com\\\/fr\\\/\",\"name\":\"Hotel Schwarzw\u00e4lder Hof Freiburg\",\"description\":\"\",\"potentialAction\":[{\"@type\":\"SearchAction\",\"target\":{\"@type\":\"EntryPoint\",\"urlTemplate\":\"https:\\\/\\\/www.schwarzwaelder-hof.com\\\/fr\\\/?s={search_term_string}\"},\"query-input\":{\"@type\":\"PropertyValueSpecification\",\"valueRequired\":true,\"valueName\":\"search_term_string\"}}],\"inLanguage\":\"fr-FR\"}]}<\/script>\n<!-- \/ Yoast SEO plugin. -->","yoast_head_json":{"title":"Home - Hotel Schwarzw\u00e4lder Hof Freiburg","description":"Bienvenue au Schwarzw\u00e4lder Hof Hotel Freiburg! D\u00e9couvrez et explorez la vieille ville pittoresque de Fribourg de son plus beau c\u00f4t\u00e9.","robots":{"index":"index","follow":"follow","max-snippet":"max-snippet:-1","max-image-preview":"max-image-preview:large","max-video-preview":"max-video-preview:-1"},"canonical":"https:\/\/www.schwarzwaelder-hof.com\/fr\/","og_locale":"fr_FR","og_type":"article","og_title":"Home - Hotel Schwarzw\u00e4lder Hof Freiburg","og_description":"Bienvenue au Schwarzw\u00e4lder Hof Hotel Freiburg! D\u00e9couvrez et explorez la vieille ville pittoresque de Fribourg de son plus beau c\u00f4t\u00e9.","og_url":"https:\/\/www.schwarzwaelder-hof.com\/fr\/","og_site_name":"Hotel Schwarzw\u00e4lder Hof Freiburg","article_publisher":"https:\/\/www.facebook.com\/schwarzwaelderhof\/","article_modified_time":"2026-05-02T06:48:35+00:00","og_image":[{"width":492,"height":190,"url":"https:\/\/www.schwarzwaelder-hof.com\/wp-content\/uploads\/2017\/07\/schwarzwaelder-hof_logo_L.png","type":"image\/png"}],"twitter_card":"summary_large_image","twitter_misc":{"Dur\u00e9e de lecture estim\u00e9e":"3 minutes"},"schema":{"@context":"https:\/\/schema.org","@graph":[{"@type":"WebPage","@id":"https:\/\/www.schwarzwaelder-hof.com\/fr\/","url":"https:\/\/www.schwarzwaelder-hof.com\/fr\/","name":"Home - Hotel Schwarzw\u00e4lder Hof Freiburg","isPartOf":{"@id":"https:\/\/www.schwarzwaelder-hof.com\/fr\/#website"},"datePublished":"2017-09-07T11:47:46+00:00","dateModified":"2026-05-02T06:48:35+00:00","description":"Bienvenue au Schwarzw\u00e4lder Hof Hotel Freiburg! D\u00e9couvrez et explorez la vieille ville pittoresque de Fribourg de son plus beau c\u00f4t\u00e9.","breadcrumb":{"@id":"https:\/\/www.schwarzwaelder-hof.com\/fr\/#breadcrumb"},"inLanguage":"fr-FR","potentialAction":[{"@type":"ReadAction","target":["https:\/\/www.schwarzwaelder-hof.com\/fr\/"]}]},{"@type":"BreadcrumbList","@id":"https:\/\/www.schwarzwaelder-hof.com\/fr\/#breadcrumb","itemListElement":[{"@type":"ListItem","position":1,"name":"Startseite","item":"https:\/\/www.schwarzwaelder-hof.com\/fr\/"},{"@type":"ListItem","position":2,"name":"Home"}]},{"@type":"WebSite","@id":"https:\/\/www.schwarzwaelder-hof.com\/fr\/#website","url":"https:\/\/www.schwarzwaelder-hof.com\/fr\/","name":"Hotel Schwarzw\u00e4lder Hof Freiburg","description":"","potentialAction":[{"@type":"SearchAction","target":{"@type":"EntryPoint","urlTemplate":"https:\/\/www.schwarzwaelder-hof.com\/fr\/?s={search_term_string}"},"query-input":{"@type":"PropertyValueSpecification","valueRequired":true,"valueName":"search_term_string"}}],"inLanguage":"fr-FR"}]}},"_links":{"self":[{"href":"https:\/\/www.schwarzwaelder-hof.com\/fr\/wp-json\/wp\/v2\/pages\/878","targetHints":{"allow":["GET"]}}],"collection":[{"href":"https:\/\/www.schwarzwaelder-hof.com\/fr\/wp-json\/wp\/v2\/pages"}],"about":[{"href":"https:\/\/www.schwarzwaelder-hof.com\/fr\/wp-json\/wp\/v2\/types\/page"}],"author":[{"embeddable":true,"href":"https:\/\/www.schwarzwaelder-hof.com\/fr\/wp-json\/wp\/v2\/users\/2"}],"replies":[{"embeddable":true,"href":"https:\/\/www.schwarzwaelder-hof.com\/fr\/wp-json\/wp\/v2\/comments?post=878"}],"version-history":[{"count":117,"href":"https:\/\/www.schwarzwaelder-hof.com\/fr\/wp-json\/wp\/v2\/pages\/878\/revisions"}],"predecessor-version":[{"id":4621,"href":"https:\/\/www.schwarzwaelder-hof.com\/fr\/wp-json\/wp\/v2\/pages\/878\/revisions\/4621"}],"wp:attachment":[{"href":"https:\/\/www.schwarzwaelder-hof.com\/fr\/wp-json\/wp\/v2\/media?parent=878"}],"curies":[{"name":"wp","href":"https:\/\/api.w.org\/{rel}","templated":true}]}}